{"id":1759,"date":"2020-05-15T11:38:56","date_gmt":"2020-05-15T09:38:56","guid":{"rendered":"http:\/\/logiciels.pierrecouprie.fr\/?page_id=1759"},"modified":"2020-05-15T17:06:09","modified_gmt":"2020-05-15T15:06:09","slug":"engagement-de-confidentialite","status":"publish","type":"page","link":"http:\/\/logiciels.pierrecouprie.fr\/?page_id=1759","title":{"rendered":"iAnalyse 5 &#8211; Privacy Policy &#8211; FR"},"content":{"rendered":"\n<h2 class=\"wp-block-heading\">Engagement de confidentialit\u00e9<\/h2>\n\n\n\n<p>&nbsp;&nbsp;<\/p>\n\n\n\n<h3 class=\"wp-block-heading\">Vue d&rsquo;ensemble<\/h3>\n\n\n\n<p>La pr\u00e9sente politique de confidentialit\u00e9 d\u00e9crit la mani\u00e8re dont vos informations personnelles sont trait\u00e9es dans iAnalyse pour macOS.<\/p>\n\n\n\n<h3 class=\"wp-block-heading\">Je ne recueille, n&rsquo;utilise, ne sauvegarde et n&rsquo;a acc\u00e8s \u00e0 aucune de vos donn\u00e9es personnelles enregistr\u00e9es dans iAnalyse pour macOS.<\/h3>\n\n\n\n<p>Les param\u00e8tres individuels relatifs \u00e0 l&rsquo;application iAnalyse ne sont enregistr\u00e9s que sur votre ordinateur. Je ne traite pas ces informations et n&rsquo;y ai pas acc\u00e8s.<\/p>\n\n\n\n<p>En outre, si vous importez un fichier quelconque en utilisant iAnalyse pour macOS, je n&rsquo;ai pas acc\u00e8s \u00e0 ces donn\u00e9es et elles ne sont partag\u00e9es avec personne.<\/p>\n\n\n\n<h3 class=\"wp-block-heading\">iAnalyse respecte la loi sur la protection de la vie priv\u00e9e des enfants<\/h3>\n\n\n\n<p>iAnalyse ne collecte pas d&rsquo;informations personnelles de quiconque, y compris des enfants de moins de 13 ans.<\/p>\n\n\n\n<h3 class=\"wp-block-heading\">Contactez-moi<\/h3>\n\n\n\n<p>Si vous avez des questions concernant cette politique de confidentialit\u00e9, n&rsquo;h\u00e9sitez pas \u00e0 me contacter \u00e0 l&rsquo;adresse <a href=\"mailto:info@pierrecouprie.fr\">info@pierrecouprie.fr<\/a>.<\/p>\n","protected":false},"excerpt":{"rendered":"<p>Engagement de confidentialit\u00e9 &nbsp;&nbsp; Vue d&rsquo;ensemble La pr\u00e9sente politique de confidentialit\u00e9 d\u00e9crit la mani\u00e8re dont vos informations personnelles sont trait\u00e9es dans iAnalyse pour macOS. Je ne recueille, n&rsquo;utilise, ne sauvegarde et n&rsquo;a acc\u00e8s \u00e0 aucune de vos donn\u00e9es personnelles enregistr\u00e9es dans iAnalyse pour macOS. Les param\u00e8tres individuels relatifs \u00e0 l&rsquo;application iAnalyse ne sont enregistr\u00e9s que [&hellip;]<\/p>\n","protected":false},"author":1,"featured_media":0,"parent":0,"menu_order":0,"comment_status":"closed","ping_status":"closed","template":"","meta":{"footnotes":""},"class_list":["post-1759","page","type-page","status-publish","hentry"],"_links":{"self":[{"href":"http:\/\/logiciels.pierrecouprie.fr\/index.php?rest_route=\/wp\/v2\/pages\/1759","targetHints":{"allow":["GET"]}}],"collection":[{"href":"http:\/\/logiciels.pierrecouprie.fr\/index.php?rest_route=\/wp\/v2\/pages"}],"about":[{"href":"http:\/\/logiciels.pierrecouprie.fr\/index.php?rest_route=\/wp\/v2\/types\/page"}],"author":[{"embeddable":true,"href":"http:\/\/logiciels.pierrecouprie.fr\/index.php?rest_route=\/wp\/v2\/users\/1"}],"replies":[{"embeddable":true,"href":"http:\/\/logiciels.pierrecouprie.fr\/index.php?rest_route=%2Fwp%2Fv2%2Fcomments&post=1759"}],"version-history":[{"count":8,"href":"http:\/\/logiciels.pierrecouprie.fr\/index.php?rest_route=\/wp\/v2\/pages\/1759\/revisions"}],"predecessor-version":[{"id":1833,"href":"http:\/\/logiciels.pierrecouprie.fr\/index.php?rest_route=\/wp\/v2\/pages\/1759\/revisions\/1833"}],"wp:attachment":[{"href":"http:\/\/logiciels.pierrecouprie.fr\/index.php?rest_route=%2Fwp%2Fv2%2Fmedia&parent=1759"}],"curies":[{"name":"wp","href":"https:\/\/api.w.org\/{rel}","templated":true}]}}