{"id":1794,"date":"2020-05-15T12:58:16","date_gmt":"2020-05-15T10:58:16","guid":{"rendered":"http:\/\/logiciels.pierrecouprie.fr\/?page_id=1794"},"modified":"2020-07-15T10:03:48","modified_gmt":"2020-07-15T08:03:48","slug":"ianalyse-5-home-fr","status":"publish","type":"page","link":"http:\/\/logiciels.pierrecouprie.fr\/?page_id=1794","title":{"rendered":"iAnalyse 5 &#8211; Home &#8211; FR"},"content":{"rendered":"\n<h2 class=\"has-text-align-center wp-block-heading\">Cr\u00e9ez de magnifiques analyses musicales et guides d&rsquo;\u00e9coutes<\/h2>\n\n\n\n<p><em><em>\r\n\t<div class=\"slideshow_container slideshow_container_style-light\" style=\" \" data-slideshow-id=\"1849\" data-style-name=\"style-light\" data-style-version=\"2.3.1\" >\r\n\r\n\t\t\t\t\t<div class=\"slideshow_loading_icon\"><\/div>\r\n\t\t\r\n\t\t<div class=\"slideshow_content\" style=\"display: none;\">\r\n\r\n\t\t\t<div class=\"slideshow_view\">\r\n\t\t\t\t<div class=\"slideshow_slide slideshow_slide_image\">\r\n\t\t\t\t\t\t\t\t\t\t\t<img src=\"http:\/\/logiciels.pierrecouprie.fr\/wp-content\/uploads\/2020\/05\/01-aria-FR.jpg\" alt=\"01-aria-FR\" width=\"2560\" height=\"1600\" \/>\r\n\t\t\t\t\t\t\t\t\t\t<div class=\"slideshow_description_box slideshow_transparent\">\r\n\t\t\t\t\t\t<div class=\"slideshow_title\">01-aria-FR<\/div>\t\t\t\t\t\t\t\t\t\t\t<\/div>\r\n\t\t\t\t<\/div>\r\n\r\n\t\t\t\t\t\t<div style=\"clear: both;\"><\/div><\/div><div class=\"slideshow_view\">\r\n\t\t\t\t<div class=\"slideshow_slide slideshow_slide_image\">\r\n\t\t\t\t\t\t\t\t\t\t\t<img src=\"http:\/\/logiciels.pierrecouprie.fr\/wp-content\/uploads\/2020\/05\/02-parmegiani-FR.jpg\" alt=\"02-parmegiani-FR\" width=\"2560\" height=\"1600\" \/>\r\n\t\t\t\t\t\t\t\t\t\t<div class=\"slideshow_description_box slideshow_transparent\">\r\n\t\t\t\t\t\t<div class=\"slideshow_title\">02-parmegiani-FR<\/div>\t\t\t\t\t\t\t\t\t\t\t<\/div>\r\n\t\t\t\t<\/div>\r\n\r\n\t\t\t\t\t\t<div style=\"clear: both;\"><\/div><\/div><div class=\"slideshow_view\">\r\n\t\t\t\t<div class=\"slideshow_slide slideshow_slide_image\">\r\n\t\t\t\t\t\t\t\t\t\t\t<img src=\"http:\/\/logiciels.pierrecouprie.fr\/wp-content\/uploads\/2020\/05\/04-requiem-FR.jpg\" alt=\"04-requiem-FR\" width=\"2560\" height=\"1600\" \/>\r\n\t\t\t\t\t\t\t\t\t\t<div class=\"slideshow_description_box slideshow_transparent\">\r\n\t\t\t\t\t\t<div class=\"slideshow_title\">04-requiem-FR<\/div>\t\t\t\t\t\t\t\t\t\t\t<\/div>\r\n\t\t\t\t<\/div>\r\n\r\n\t\t\t\t\t\t<div style=\"clear: both;\"><\/div><\/div><div class=\"slideshow_view\">\r\n\t\t\t\t<div class=\"slideshow_slide slideshow_slide_image\">\r\n\t\t\t\t\t\t\t\t\t\t\t<img src=\"http:\/\/logiciels.pierrecouprie.fr\/wp-content\/uploads\/2020\/05\/03-bayle-FR.jpg\" alt=\"03-bayle-FR\" width=\"2560\" height=\"1600\" \/>\r\n\t\t\t\t\t\t\t\t\t\t<div class=\"slideshow_description_box slideshow_transparent\">\r\n\t\t\t\t\t\t<div class=\"slideshow_title\">03-bayle-FR<\/div>\t\t\t\t\t\t\t\t\t\t\t<\/div>\r\n\t\t\t\t<\/div>\r\n\r\n\t\t\t\t\t\t<div style=\"clear: both;\"><\/div><\/div><div class=\"slideshow_view\">\r\n\t\t\t\t<div class=\"slideshow_slide slideshow_slide_image\">\r\n\t\t\t\t\t\t\t\t\t\t\t<img src=\"http:\/\/logiciels.pierrecouprie.fr\/wp-content\/uploads\/2020\/05\/05-bowie-FR.jpg\" alt=\"05-bowie-FR\" width=\"2560\" height=\"1600\" \/>\r\n\t\t\t\t\t\t\t\t\t\t<div class=\"slideshow_description_box slideshow_transparent\">\r\n\t\t\t\t\t\t<div class=\"slideshow_title\">05-bowie-FR<\/div>\t\t\t\t\t\t\t\t\t\t\t<\/div>\r\n\t\t\t\t<\/div>\r\n\r\n\t\t\t\t\t\t<div style=\"clear: both;\"><\/div><\/div><div class=\"slideshow_view\">\r\n\t\t\t\t<div class=\"slideshow_slide slideshow_slide_image\">\r\n\t\t\t\t\t\t\t\t\t\t\t<img src=\"http:\/\/logiciels.pierrecouprie.fr\/wp-content\/uploads\/2020\/05\/06-chopin-FR.jpg\" alt=\"06-chopin-FR\" width=\"2560\" height=\"1600\" \/>\r\n\t\t\t\t\t\t\t\t\t\t<div class=\"slideshow_description_box slideshow_transparent\">\r\n\t\t\t\t\t\t<div class=\"slideshow_title\">06-chopin-FR<\/div>\t\t\t\t\t\t\t\t\t\t\t<\/div>\r\n\t\t\t\t<\/div>\r\n\r\n\t\t\t\t\t\t<div style=\"clear: both;\"><\/div><\/div>\r\n\t\t<\/div>\r\n\r\n\t\t<div class=\"slideshow_controlPanel slideshow_transparent\" style=\"display: none;\"><ul><li class=\"slideshow_togglePlay\" data-play-text=\"Play\" data-pause-text=\"Pause\"><\/li><\/ul><\/div>\r\n\r\n\t\t<div class=\"slideshow_button slideshow_previous slideshow_transparent\" role=\"button\" data-previous-text=\"Pr\u00e9c\u00e9dent\" style=\"display: none;\"><\/div>\r\n\t\t<div class=\"slideshow_button slideshow_next slideshow_transparent\" role=\"button\" data-next-text=\"Suivant\" style=\"display: none;\"><\/div>\r\n\r\n\t\t<div class=\"slideshow_pagination\" style=\"display: none;\" data-go-to-text=\"Go to slide\"><div class=\"slideshow_pagination_center\"><\/div><\/div>\r\n\r\n\t\t<!-- WordPress Slideshow Version 2.3.1 -->\r\n\r\n\t\t\t<\/div>\r\n\r\n<\/em><\/em><\/p>\n\n\n\n<p><a href=\"http:\/\/logiciels.pierrecouprie.fr\/?page_id=1796\">English<\/a> &#8211; Fran\u00e7ais<\/p>\n\n\n\n<h3 class=\"wp-block-heading\">Interface<\/h3>\n\n\n\n<ul class=\"wp-block-list\"><li>Cr\u00e9er des projets \u00e0 partir de z\u00e9ro ou en utilisant une biblioth\u00e8que de mod\u00e8les.<\/li><li>3 interfaces :<ul><li>Le diaporama id\u00e9al pour synchroniser les pages d&rsquo;une partition sur un fichier audio.<\/li><li>La vue temporelle pour afficher des repr\u00e9sentations du signal audio, de la FFT, de descripteurs audio, etc.<\/li><li>La vue anim\u00e9e pour visualiser les param\u00e8tres audio d&rsquo;une mani\u00e8re dynamique.<\/li><\/ul><\/li><li>R\u00e9alisation de repr\u00e9sentation de la forme musicale et des structure d&rsquo;une mani\u00e8re lin\u00e9aire, en diagramme formel ou en arc diagramme.<\/li><li>Ajouter un curseur sur la partition pour faciliter le suivi et la lecture musicale<\/li><li>Support de toutes les fonctions r\u00e9centes de macOS comme le mode sombre, l&rsquo;importation de fichiers FLAC et HEIC, etc.<\/li><\/ul>\n\n\n\n<h3 class=\"wp-block-heading\">M\u00e9dias<\/h3>\n\n\n\n<ul class=\"wp-block-list\"><li>Importer diff\u00e9rents formats de m\u00e9dias (voir ci-dessous pour la liste compl\u00e8te).<\/li><li>Utiliser des fichiers audio multipistes.<\/li><li>Modifier le tempo de lecture et transposer les fichiers audio.<\/li><li>Extraire des descripteurs audio : amplitude RMS, fundamental frequency estimation, peak frequency, spectral centroid, spectral crest, spectral decrease, spectral flatness, spectral rolloff, spectral standard deviation, spectral variance, zero crossing rate, mfcc.<\/li><\/ul>\n\n\n\n<h3 class=\"wp-block-heading\">Repr\u00e9sentations<\/h3>\n\n\n\n<ul class=\"wp-block-list\"><li>Cr\u00e9er des sonagrammes de diff\u00e9rents types : lin\u00e9aire, logarithmique, diff\u00e9rentiel, en chromagramme.<\/li><li>Cr\u00e9er des matrice d&rsquo;auto-similarit\u00e9 \u00e0 partir de la FFT ou de n&rsquo;importe quelle donn\u00e9es.<\/li><\/ul>\n\n\n\n<h3 class=\"wp-block-heading\">Annotations<\/h3>\n\n\n\n<ul class=\"wp-block-list\"><li>Ajouter des annotations dynamiques sur les partitions, les images et les repr\u00e9sentations (sonagrammes, matrice d&rsquo;auto-similarit\u00e9, etc.).<\/li><li>Utiliser 14 types d&rsquo;annotations : rectangle, ellipse, texte, cadre avec texte, tableau, ligne, polygone, courbe de b\u00e9zier, dessin \u00e0 main libre, image, vid\u00e9o, accords musicaux, cycle et horloge de hauteur, tonnetz.<\/li><li>Utiliser des animation d&rsquo;ouverture et de fermeture pour les annotations.<\/li><\/ul>\n\n\n\n<h3 class=\"wp-block-heading\">Formats accept\u00e9s en importation<\/h3>\n\n\n\n<ul class=\"wp-block-list\"><li>Audio : aif, wav, mp3, m4a, flac (10.14+).<\/li><li>Vid\u00e9o : mov, mp4, m4v.<\/li><li>Image : jpg, png, tiff, pdf, heic (10.14+).<\/li><li>Donn\u00e9es : txt, csv, xml.<\/li><li>Autres : MIDI, MusicXML, PRAAT pitch contour, Tony pitch track data, Reaper EDL, Pro Tools information session.<\/li><\/ul>\n\n\n\n<h3 class=\"wp-block-heading\">Export<\/h3>\n\n\n\n<ul class=\"wp-block-list\"><li>Image : jpg, tiff, png, heic (10.14+).<\/li><li>Vid\u00e9o : h.264\/AAC ou HEVC\/AAC.<\/li><li>Donn\u00e9es : txt, xml, json.<\/li><\/ul>\n\n\n\n<p class=\"has-text-align-center\">Syst\u00e8me minimum : <br>macOS 10.13.6 ou plus r\u00e9cent<\/p>\n\n\n\n<p class=\"has-text-align-center\"><strong>Si  vous avez install\u00e9 une version pr\u00e9c\u00e9dente non distribu\u00e9e sur l&rsquo;Apple Store, supprimez-la avant d&rsquo;installer cette nouvelle version.<\/strong><\/p>\n\n\n\n<div class=\"wp-block-image\"><figure class=\"aligncenter size-large is-resized\"><a href=\"https:\/\/apps.apple.com\/fr\/app\/id1513428589\"><img loading=\"lazy\" decoding=\"async\" src=\"http:\/\/logiciels.pierrecouprie.fr\/wp-content\/uploads\/2020\/05\/Download_on_the_Mac_App_Store_Badge_US-UK_blk_092917.png\" alt=\"\" class=\"wp-image-1811\" width=\"194\" height=\"49\" srcset=\"http:\/\/logiciels.pierrecouprie.fr\/wp-content\/uploads\/2020\/05\/Download_on_the_Mac_App_Store_Badge_US-UK_blk_092917.png 655w, http:\/\/logiciels.pierrecouprie.fr\/wp-content\/uploads\/2020\/05\/Download_on_the_Mac_App_Store_Badge_US-UK_blk_092917-300x76.png 300w\" sizes=\"auto, (max-width: 194px) 100vw, 194px\" \/><\/a><\/figure><\/div>\n\n\n\n<p class=\"has-text-align-center\"><a href=\"http:\/\/logiciels.pierrecouprie.fr\/?page_id=1789\">Aide<\/a> &#8211; <a href=\"http:\/\/logiciels.pierrecouprie.fr\/?page_id=1759\">Engagement de confidentialit\u00e9<\/a><\/p>\n","protected":false},"excerpt":{"rendered":"<p>Cr\u00e9ez de magnifiques analyses musicales et guides d&rsquo;\u00e9coutes English &#8211; Fran\u00e7ais Interface Cr\u00e9er des projets \u00e0 partir de z\u00e9ro ou en utilisant une biblioth\u00e8que de mod\u00e8les. 3 interfaces : Le diaporama id\u00e9al pour synchroniser les pages d&rsquo;une partition sur un fichier audio. La vue temporelle pour afficher des repr\u00e9sentations du signal audio, de la FFT, [&hellip;]<\/p>\n","protected":false},"author":1,"featured_media":0,"parent":0,"menu_order":0,"comment_status":"closed","ping_status":"closed","template":"","meta":{"footnotes":""},"class_list":["post-1794","page","type-page","status-publish","hentry"],"_links":{"self":[{"href":"http:\/\/logiciels.pierrecouprie.fr\/index.php?rest_route=\/wp\/v2\/pages\/1794","targetHints":{"allow":["GET"]}}],"collection":[{"href":"http:\/\/logiciels.pierrecouprie.fr\/index.php?rest_route=\/wp\/v2\/pages"}],"about":[{"href":"http:\/\/logiciels.pierrecouprie.fr\/index.php?rest_route=\/wp\/v2\/types\/page"}],"author":[{"embeddable":true,"href":"http:\/\/logiciels.pierrecouprie.fr\/index.php?rest_route=\/wp\/v2\/users\/1"}],"replies":[{"embeddable":true,"href":"http:\/\/logiciels.pierrecouprie.fr\/index.php?rest_route=%2Fwp%2Fv2%2Fcomments&post=1794"}],"version-history":[{"count":12,"href":"http:\/\/logiciels.pierrecouprie.fr\/index.php?rest_route=\/wp\/v2\/pages\/1794\/revisions"}],"predecessor-version":[{"id":1900,"href":"http:\/\/logiciels.pierrecouprie.fr\/index.php?rest_route=\/wp\/v2\/pages\/1794\/revisions\/1900"}],"wp:attachment":[{"href":"http:\/\/logiciels.pierrecouprie.fr\/index.php?rest_route=%2Fwp%2Fv2%2Fmedia&parent=1794"}],"curies":[{"name":"wp","href":"https:\/\/api.w.org\/{rel}","templated":true}]}}