{"id":534,"date":"2012-09-07T21:26:17","date_gmt":"2012-09-07T19:26:17","guid":{"rendered":"http:\/\/logiciels.pierrecouprie.fr\/?page_id=534"},"modified":"2014-11-04T15:50:16","modified_gmt":"2014-11-04T13:50:16","slug":"ianalyse-4","status":"publish","type":"page","link":"http:\/\/logiciels.pierrecouprie.fr\/?page_id=534","title":{"rendered":"iAnalyse 4"},"content":{"rendered":"<h2>Aper\u00e7u des fonctions de iAnalyse<\/h2>\n<p>La version 4 de iAnalyse apporte de nombreuses nouveaut\u00e9s et l&rsquo;interface a \u00e9t\u00e9 repens\u00e9e afin d&rsquo;\u00eatre plus simple et laisser un maximum de place \u00e0 vos objets d&rsquo;analyse.<\/p>\n<p>[two_third]<\/p>\n<h3><strong>La cr\u00e9ation de projets<\/strong><\/h3>\n<p>iAnalyse permettra de g\u00e9rer des projets de diff\u00e9rentes tailles. Il est ainsi possible de cr\u00e9er des projets au format HD (jusqu&rsquo;\u00e0 1080p) en 16:9 ou au format portrait, particuli\u00e8rement utile pour les partitions de grandes tailles.<\/p>\n<p>Il sera bien \u00e9videmment possible d&rsquo;ouvrir les projets r\u00e9alis\u00e9s avec la version 3. Toutefois, \u00e9tant donn\u00e9 les profondes modifications apport\u00e9es au d\u00e9veloppement de cette nouvelle version, il est possible que certains \u00e9l\u00e9ments s&rsquo;affichent d&rsquo;une mani\u00e8re l\u00e9g\u00e8rement diff\u00e9rente avec iAnalyse 4.<\/p>\n<p>&nbsp;<\/p>\n<p>&nbsp;<\/p>\n<h3><strong>L&rsquo;interface<\/strong><\/h3>\n<p>L&rsquo;interface de iAnalyse a \u00e9t\u00e9 revue en profondeur afin d&rsquo;en rendre l&rsquo;usage encore simple et intuitif et ce, m\u00eame avec ses nombreuses nouvelles fonctions.<\/p>\n<p>Les fonctions ont \u00e9t\u00e9 r\u00e9unies sur une seule fen\u00eatre. Vous pouvez ainsi avoir l&rsquo;ensemble des param\u00e8tres sous les yeux, sans avoir besoin de jongler avec diff\u00e9rentes fen\u00eatres.\u00a0La partie centrale de iAnalyse regroupant le plan graphique et la ligne temporelle a \u00e9t\u00e9 elle aussi int\u00e9gralement r\u00e9vis\u00e9e :<\/p>\n<ul>\n<li>les outils ont \u00e9t\u00e9 d\u00e9plac\u00e9s dans les barres d&rsquo;outils en haut et bas de la fen\u00eatre, rendant ainsi l&rsquo;interface plus simple<\/li>\n<li>la ligne de temps permet d\u00e9sormais de visualiser le sonagramme ou la forme d&rsquo;onde au choix<\/li>\n<\/ul>\n<p>Les commandes de lecture ont \u00e9t\u00e9 d\u00e9plac\u00e9es dans la barre d&rsquo;outils en bas \u00e0 droite de la fen\u00eatre, lib\u00e9rant ainsi de la place pour le panneau de propri\u00e9t\u00e9s.<\/p>\n<h3><strong>Les graphismes<\/strong><\/h3>\n<div>De nombreuses am\u00e9liorations ont \u00e9t\u00e9 int\u00e9gr\u00e9es dans les fonctions graphiques de iAnalyse :<\/div>\n<div>\n<ul>\n<li>texture en fond d&rsquo;annotations<\/li>\n<li>possibilit\u00e9 de remettre en page la partition<\/li>\n<li>int\u00e9gration des images de grandes tailles permettant ainsi de cr\u00e9er des projets HD (jusqu&rsquo;\u00e0 1080p)<\/li>\n<li>zoom permettant d&rsquo;\u00e9diter plus pr\u00e9cis\u00e9ment les diapositives<\/li>\n<li>gestion avanc\u00e9e des couleurs : styles de couleurs, affichage de toutes les annotations en niveaux de gris, optimisation des couleurs pour la vid\u00e9oprojection<\/li>\n<li>styles de polices de caract\u00e8res<\/li>\n<li>gestion plus pr\u00e9cise de l&rsquo;ensemble des param\u00e8tres graphiques<\/li>\n<li>nouveaux effets d&rsquo;ouverture et de fermeture des annotations<\/li>\n<li>animation d&rsquo;annotations avec les principales propri\u00e9t\u00e9s graphiques (position, taille, couleur, rotation, etc.)<\/li>\n<\/ul>\n<\/div>\n<div>\n<h3><\/h3>\n<h3><strong>La synchronisation des partitions et des curseurs<\/strong><\/h3>\n<div>Il y a d\u00e9sormais 3 syst\u00e8mes de synchronisation :<\/div>\n<div>\n<ul>\n<li>la synchronisation des pages de la partition sur le m\u00e9dia : une nouvelle interface permet de synchroniser tr\u00e8s facilement la partition avec une gestion des reprises<\/li>\n<li>la synchronisation d&rsquo;un curseur sur la partition : il s&rsquo;agit du syst\u00e8me actuellement pr\u00e9sent dans la version 3<\/li>\n<li>la synchronisation d&rsquo;un curseur en mode rapide : vous cliquez et glissez la souris sur la partition durant la lecture, iAnalyse se charge de cr\u00e9er le curseur automatiquement<\/li>\n<\/ul>\n<\/div>\n<div>\n<h3><strong>Les modes<\/strong><\/h3>\n<p>iAnalyse 4 vous propose trois modes de travail :<\/p>\n<ul>\n<li>le\u00a0<strong>mode normal<\/strong>\u00a0reprend le mode de travail de la version 3<\/li>\n<li>le\u00a0<strong>mode texte<\/strong>\u00a0vous permet d&rsquo;annoter tr\u00e8s rapidement une partition durant l&rsquo;\u00e9coute en ajoutant du texte \u00e0 la vol\u00e9e<\/li>\n<li>le\u00a0<strong>mode dessin<\/strong>\u00a0vous permet de dessiner directement vos annotations avec la souris ou avec une tablette graphique<\/li>\n<\/ul>\n<h3><strong>L&rsquo;analyse des structures<\/strong><\/h3>\n<p>iAnalyse contient une toute nouvelle interface dans la ligne de temps pour analyser les structures sur plusieurs niveaux. Une biblioth\u00e8que d&rsquo;\u00e9l\u00e9ments de structures permet de segmenter rapidement le flux musical et de cr\u00e9er ses propres \u00e9l\u00e9ments. L&rsquo;affichage peut se faire sous la forme d&rsquo;un graphique structurel ou d&rsquo;un diagramme formel.<\/p>\n<h3><strong>L&rsquo;importation de donn\u00e9es<\/strong><\/h3>\n<p>iAnalyse vous permet d&rsquo;importer des donn\u00e9es d&rsquo;autres logiciels comme Sonic Visualiser, Excel ou Open Music afin de les visualiser dans la ligne temporelle sous la forme de graphique ou d&rsquo;\u00e9l\u00e9ments de structure.<\/p>\n<p>L&rsquo;importation des donn\u00e9es peut \u00eatre r\u00e9alis\u00e9e \u00e0 partir de fichier texte ou csv contenant des listes de valeurs. Vous pouvez aussi ajouter vos propres donn\u00e9es directement dans iAnalyse.<\/p>\n<h3><strong>Nouvelles fonctions<\/strong><\/h3>\n<div>\n<ul>\n<li>cr\u00e9ation de projets dans diff\u00e9rentes tailles :\u00a04:3, 3:4, 6:4 (NTSC) , 16:9 (HD)<\/li>\n<li>interface en une seule fen\u00eatre<\/li>\n<li>affichage du sonagramme en arri\u00e8re-plan de la ligne temporelle<\/li>\n<li>aide \u00e0 la synchronisation des partitions<\/li>\n<li>modification de la mise en page de la partition<\/li>\n<li>zoom d&rsquo;\u00e9dition<\/li>\n<li>affichage de toutes des annotations de la diapositive<\/li>\n<li>navigateur de diapositive<\/li>\n<li>trois modes d&rsquo;\u00e9dition : normal, texte et dessin<\/li>\n<li>styles de couleurs permettant d&rsquo;accorder les couleurs des annotations<\/li>\n<li>styles de texte<\/li>\n<li>syst\u00e8me permettant de modifier l&rsquo;ensemble des couleurs pour les adapter \u00e0 un vid\u00e9oprojecteur<\/li>\n<li>affichage de tous les graphiques en niveaux de gris<\/li>\n<li>nouvelle interface d&rsquo;ajout des annotations associ\u00e9e \u00e0 la biblioth\u00e8que<\/li>\n<li>annotation cycle permettant de cr\u00e9er n&rsquo;importe quel type de cycle (quintes, set-theory, etc.)<\/li>\n<li>annotation hexagonale totalement param\u00e9trable<\/li>\n<li>annotation partition (n\u00e9cessite <a href=\"http:\/\/musescore.org\/fr\" target=\"_blank\">MuseScore<\/a> pour l&rsquo;\u00e9dition)<\/li>\n<li>textures de remplissage des annotations<\/li>\n<li>modification de la luminosit\u00e9, du contraste et de la saturation des annotations de type image<\/li>\n<li>recadrage des annotations de type image<\/li>\n<li>nouveaux effets d&rsquo;animations en ouverture et en fermeture des annotations<\/li>\n<li>animation puls\u00e9e sur la dur\u00e9e de l&rsquo;annotation<\/li>\n<li>animation complexe des param\u00e8tres graphiques des annotations<\/li>\n<li>modification globale de l&#8217;empan des annotations<\/li>\n<li>copier-coller le style des annotations<\/li>\n<li>groupe de calques<\/li>\n<li>nouveau syst\u00e8me de repr\u00e9sentation des structures<\/li>\n<li>cr\u00e9ation de graphiques dans la ligne temporelle<\/li>\n<li>affichage de rapports temporels dans la ligne temporelle<\/li>\n<li>possibilit\u00e9 de cr\u00e9er plusieurs curseurs<\/li>\n<li>signets li\u00e9s aux touches du clavier<\/li>\n<li>texte temporel permettant de cr\u00e9er des sous-titres<\/li>\n<li>syst\u00e8me d&rsquo;extensions permettant d&rsquo;augmenter les fonctions du logiciel<\/li>\n<li>importation des donn\u00e9es provenant d&rsquo;autres logiciels<\/li>\n<li>prise en charge du plein \u00e9cran et de \u00a0l&rsquo;enregistrement automatique\u00a0natifs \u00e0 Mac OS10.7<\/li>\n<li>prise en charge du\u00a0<em>versionning<\/em>\u00a0et du partage (Facebook, Twitter, etc.) natif \u00e0 Mac OS 10.8<\/li>\n<li>site d&rsquo;accompagnement sous Delicious pr\u00e9sentant des ressources pour l&rsquo;analyse musicale<\/li>\n<\/ul>\n<\/div>\n<\/div>\n<\/div>\n<p>[\/two_third]<\/p>\n<p>[one_third_last]<\/p>\n<p><img loading=\"lazy\" decoding=\"async\" class=\"size-full wp-image-763 alignnone\" src=\"http:\/\/logiciels.pierrecouprie.fr\/wp-content\/uploads\/2012\/09\/apercu01.jpg\" alt=\"apercu01\" width=\"450\" height=\"335\" srcset=\"http:\/\/logiciels.pierrecouprie.fr\/wp-content\/uploads\/2012\/09\/apercu01.jpg 450w, http:\/\/logiciels.pierrecouprie.fr\/wp-content\/uploads\/2012\/09\/apercu01-300x223.jpg 300w\" sizes=\"auto, (max-width: 450px) 100vw, 450px\" \/><\/p>\n<p><img loading=\"lazy\" decoding=\"async\" class=\"size-full wp-image-764 alignnone\" src=\"http:\/\/logiciels.pierrecouprie.fr\/wp-content\/uploads\/2012\/09\/apercu02.jpg\" alt=\"apercu02\" width=\"450\" height=\"321\" srcset=\"http:\/\/logiciels.pierrecouprie.fr\/wp-content\/uploads\/2012\/09\/apercu02.jpg 450w, http:\/\/logiciels.pierrecouprie.fr\/wp-content\/uploads\/2012\/09\/apercu02-300x214.jpg 300w\" sizes=\"auto, (max-width: 450px) 100vw, 450px\" \/><\/p>\n<p><img loading=\"lazy\" decoding=\"async\" class=\"size-full wp-image-765 alignnone\" src=\"http:\/\/logiciels.pierrecouprie.fr\/wp-content\/uploads\/2012\/09\/apercu03.jpg\" alt=\"apercu03\" width=\"450\" height=\"346\" srcset=\"http:\/\/logiciels.pierrecouprie.fr\/wp-content\/uploads\/2012\/09\/apercu03.jpg 450w, http:\/\/logiciels.pierrecouprie.fr\/wp-content\/uploads\/2012\/09\/apercu03-300x230.jpg 300w\" sizes=\"auto, (max-width: 450px) 100vw, 450px\" \/><\/p>\n<p><img loading=\"lazy\" decoding=\"async\" class=\"size-full wp-image-600 alignnone\" title=\"Capture d\u2019\u00e9cran 2012-09-07 \u00e0 21.18.48\" src=\"http:\/\/logiciels.pierrecouprie.fr\/wp-content\/uploads\/2012\/09\/Capture-d\u2019\u00e9cran-2012-09-07-\u00e0-21.18.48.png\" alt=\"\" width=\"400\" height=\"114\" srcset=\"http:\/\/logiciels.pierrecouprie.fr\/wp-content\/uploads\/2012\/09\/Capture-d\u2019\u00e9cran-2012-09-07-\u00e0-21.18.48.png 400w, http:\/\/logiciels.pierrecouprie.fr\/wp-content\/uploads\/2012\/09\/Capture-d\u2019\u00e9cran-2012-09-07-\u00e0-21.18.48-300x85.png 300w\" sizes=\"auto, (max-width: 400px) 100vw, 400px\" \/><\/p>\n<p><img loading=\"lazy\" decoding=\"async\" class=\"size-full wp-image-620 alignnone\" title=\"Capture d\u2019\u00e9cran 2012-09-10 \u00e0 17.00.34\" src=\"http:\/\/logiciels.pierrecouprie.fr\/wp-content\/uploads\/2012\/09\/Capture-d\u2019\u00e9cran-2012-09-10-\u00e0-17.00.34.png\" alt=\"\" width=\"200\" height=\"150\" \/><\/p>\n<p><img loading=\"lazy\" decoding=\"async\" class=\"size-full wp-image-766 alignnone\" style=\"margin-left: 5px; margin-right: 5px;\" src=\"http:\/\/logiciels.pierrecouprie.fr\/wp-content\/uploads\/2012\/09\/apercu04.jpg\" alt=\"apercu04\" width=\"450\" height=\"175\" srcset=\"http:\/\/logiciels.pierrecouprie.fr\/wp-content\/uploads\/2012\/09\/apercu04.jpg 450w, http:\/\/logiciels.pierrecouprie.fr\/wp-content\/uploads\/2012\/09\/apercu04-300x116.jpg 300w\" sizes=\"auto, (max-width: 450px) 100vw, 450px\" \/><\/p>\n<p><img loading=\"lazy\" decoding=\"async\" class=\"size-full wp-image-776 alignnone\" src=\"http:\/\/logiciels.pierrecouprie.fr\/wp-content\/uploads\/2012\/09\/apercu051.jpg\" alt=\"apercu05\" width=\"450\" height=\"321\" srcset=\"http:\/\/logiciels.pierrecouprie.fr\/wp-content\/uploads\/2012\/09\/apercu051.jpg 450w, http:\/\/logiciels.pierrecouprie.fr\/wp-content\/uploads\/2012\/09\/apercu051-300x214.jpg 300w\" sizes=\"auto, (max-width: 450px) 100vw, 450px\" \/><\/p>\n<p>[\/one_third_last]<\/p>\n","protected":false},"excerpt":{"rendered":"<p>Aper\u00e7u des fonctions de iAnalyse La version 4 de iAnalyse apporte de nombreuses nouveaut\u00e9s et l&rsquo;interface a \u00e9t\u00e9 repens\u00e9e afin d&rsquo;\u00eatre plus simple et laisser un maximum de place \u00e0 vos objets d&rsquo;analyse. [two_third] La cr\u00e9ation de projets iAnalyse permettra de g\u00e9rer des projets de diff\u00e9rentes tailles. Il est ainsi possible de cr\u00e9er des projets [&hellip;]<\/p>\n","protected":false},"author":1,"featured_media":0,"parent":0,"menu_order":0,"comment_status":"open","ping_status":"open","template":"page-fullwidth.php","meta":{"footnotes":""},"class_list":["post-534","page","type-page","status-publish","hentry"],"_links":{"self":[{"href":"http:\/\/logiciels.pierrecouprie.fr\/index.php?rest_route=\/wp\/v2\/pages\/534","targetHints":{"allow":["GET"]}}],"collection":[{"href":"http:\/\/logiciels.pierrecouprie.fr\/index.php?rest_route=\/wp\/v2\/pages"}],"about":[{"href":"http:\/\/logiciels.pierrecouprie.fr\/index.php?rest_route=\/wp\/v2\/types\/page"}],"author":[{"embeddable":true,"href":"http:\/\/logiciels.pierrecouprie.fr\/index.php?rest_route=\/wp\/v2\/users\/1"}],"replies":[{"embeddable":true,"href":"http:\/\/logiciels.pierrecouprie.fr\/index.php?rest_route=%2Fwp%2Fv2%2Fcomments&post=534"}],"version-history":[{"count":101,"href":"http:\/\/logiciels.pierrecouprie.fr\/index.php?rest_route=\/wp\/v2\/pages\/534\/revisions"}],"predecessor-version":[{"id":1234,"href":"http:\/\/logiciels.pierrecouprie.fr\/index.php?rest_route=\/wp\/v2\/pages\/534\/revisions\/1234"}],"wp:attachment":[{"href":"http:\/\/logiciels.pierrecouprie.fr\/index.php?rest_route=%2Fwp%2Fv2%2Fmedia&parent=534"}],"curies":[{"name":"wp","href":"https:\/\/api.w.org\/{rel}","templated":true}]}}